{"id":309,"date":"2024-01-23T18:07:23","date_gmt":"2024-01-23T17:07:23","guid":{"rendered":"https:\/\/sfera.buas.es\/politica-de-privacidad-y-gestion-de-datos-personales\/"},"modified":"2024-01-23T18:07:23","modified_gmt":"2024-01-23T17:07:23","slug":"politica-de-privacidad-y-gestion-de-datos-personales","status":"publish","type":"page","link":"https:\/\/sferalegal.com\/es\/politica-de-privacidad-y-gestion-de-datos-personales\/","title":{"rendered":"Pol\u00edtica de Privacidad y Gesti\u00f3n de Datos Personales"},"content":{"rendered":"<p>En Sfera Legal nos preocupamos por tu privacidad. Por ello, hemos desarrollado esta breve pol\u00edtica que explica qu\u00e9 datos o informaci\u00f3n personal recopilamos, c\u00f3mo los recopilamos y c\u00f3mo los trataremos, as\u00ed como otras cuestiones importantes relacionadas con su privacidad y protecci\u00f3n de datos.<\/p>\n<p>Sfera Legal se compromete a cumplir con todas las leyes de privacidad y protecci\u00f3n de datos aplicables. Este compromiso refleja el valor que le damos a ganar y mantener la confianza de nuestros clientes, socios comerciales y otras personas que comparten su informaci\u00f3n personal con nosotros.<\/p>\n<p>Esta Pol\u00edtica se aplica a todos los sitios web y aplicaciones m\u00f3viles operados por o en nombre de Sfera Legal e incluye todas las ubicaciones de Sfera Legal en todo el mundo (denominadas \u201cSitio web o aplicaci\u00f3n m\u00f3vil de Sfera Legal\u201d). Tambi\u00e9n se aplica a toda la informaci\u00f3n personal que podamos recopilar de otro modo: (i) a trav\u00e9s de nuestros productos y servicios; (ii) cuando interact\u00faa con nosotros por medios distintos a un sitio web, por ejemplo, en persona, por tel\u00e9fono, etc.; y (iii) a trav\u00e9s de nuestros clientes, distribuidores, proveedores y otros socios comerciales (colectivamente, \u201cSocios comerciales\u201d).<\/p>\n<p>Al acceder y utilizar este sitio, el usuario acepta las Condiciones Generales de Uso aqu\u00ed contenidas.<\/p>\n<h2>Informaci\u00f3n personal recopilada por Sfera Legal<\/h2>\n<p>Sfera Legal recoge los siguientes tipos de informaci\u00f3n personal:<\/p>\n<p>1.Informaci\u00f3n proporcionada por usted<br \/>\nSfera Legal recopila la informaci\u00f3n personal que usted nos proporciona, como por ejemplo: (i) informaci\u00f3n de contacto, como su nombre, raz\u00f3n social, cargo, domicilio, direcci\u00f3n de correo electr\u00f3nico y n\u00famero de tel\u00e9fono; (ii) informaci\u00f3n adicional sobre usted para ayudarnos a conocerlo mejor, como su sexo, edad, fecha de nacimiento, nacionalidad, profesi\u00f3n y sus n\u00fameros de identificaci\u00f3n, informaci\u00f3n sobre su uso de nuestros productos e informaci\u00f3n demogr\u00e1fica; (iii) comentarios, preguntas, solicitudes y servicios que desee solicitar; (iv) informaci\u00f3n financiera necesaria para el procesamiento de pagos, como tarjeta de cr\u00e9dito o informaci\u00f3n de cuenta; (v) informaci\u00f3n de inicio de sesi\u00f3n, incluida, si corresponde, informaci\u00f3n de la cuenta de redes sociales para fines de inicio de sesi\u00f3n; e (vi) informaci\u00f3n sobre sus preferencias, como sus m\u00e9todos de comunicaci\u00f3n preferidos y los tipos de servicios que le interesan.<\/p>\n<p>2.Informaci\u00f3n recopilada autom\u00e1ticamente de su equipo<br \/>\nSfera Legal puede recopilar informaci\u00f3n t\u00e9cnica sobre su computadora, como tipo de computadora, tipo de navegador, direcci\u00f3n IP, sistema operativo e identificador de computadora. Sfera Legal recoge autom\u00e1ticamente esta informaci\u00f3n de su ordenador y navegador web a trav\u00e9s de cookies y tecnolog\u00edas similares.<\/p>\n<p>Sfera Legal puede recopilar datos t\u00e9cnicos sobre su uso de los sitios web y aplicaciones m\u00f3viles de Sfera Legal, as\u00ed como tambi\u00e9n sobre c\u00f3mo interact\u00faa con nuestra publicidad, como el contenido visto o descargado, las preferencias utilizadas, los enlaces visitados, los correos electr\u00f3nicos informativos de Sfera Legal abiertos y la fecha y momento de dichas interacciones. Sfera Legal recoge esta informaci\u00f3n a trav\u00e9s de cookies y tecnolog\u00edas similares.<\/p>\n<p>3.Informaci\u00f3n sobre socios comerciales y otros<br \/>\nSfera Legal recopila informaci\u00f3n personal a trav\u00e9s de nuestros Socios Comerciales. Esta informaci\u00f3n puede incluir informaci\u00f3n de contacto, como nombre, nombre de la empresa, cargo, direcci\u00f3n postal, direcci\u00f3n de correo electr\u00f3nico y n\u00famero de tel\u00e9fono. Tambi\u00e9n podemos obtener informaci\u00f3n personal de otras fuentes de terceros, como fuentes p\u00fablicas y comerciales. Podemos combinar la informaci\u00f3n que recibimos a trav\u00e9s de nuestros socios comerciales y otras fuentes de terceros con la informaci\u00f3n que recopilamos de usted o de su computadora, como se describe anteriormente.<\/p>\n<h2>Finalidad de la gesti\u00f3n de privacidad y datos<\/h2>\n<p>En el momento de solicitar informaci\u00f3n personal a los usuarios, Sfera Legal le indicar\u00e1 las finalidades para las que est\u00e1 recabando dicha informaci\u00f3n. Adem\u00e1s, se solicitar\u00e1 el consentimiento expreso de los usuarios para registrarse y utilizar sus datos personales.<\/p>\n<p>Sfera Legal podr\u00e1 utilizar su informaci\u00f3n personal para:<\/p>\n<p>Esto puede incluir: (i) proporcionar servicios o realizar transacciones que usted haya solicitado; (ii) proporcionar informaci\u00f3n sobre servicios, as\u00ed como publicidad que pueda ser de su inter\u00e9s; y (iii) brindarle una experiencia m\u00e1s consistente durante las interacciones con Sfera Legal, por ejemplo, al aprender m\u00e1s sobre c\u00f3mo usa e interact\u00faa con los sitios web, aplicaciones m\u00f3viles y servicios de Sfera Legal.<\/p>\n<p>Esto puede incluir: (i) informarle sobre los servicios y actividades de Sfera Legal que pueden ser de su inter\u00e9s o su empresa; (ii) proporcionar informaci\u00f3n sobre servicios y diversos asuntos legales, por ejemplo, datos t\u00e9cnicos; informaci\u00f3n de facturaci\u00f3n o informaci\u00f3n sobre mejoras del servicio; (iii) responder a las preguntas o consultas que nos plantee, como solicitudes de servicio al cliente; y (iv) invitarlo a participar en encuestas de satisfacci\u00f3n del cliente o estudios de mercado o informarle sobre los resultados de dichas encuestas o estudios.<\/p>\n<p>Esto puede incluir: (i) personalizarlos seg\u00fan sus preferencias o intereses, hacerlos m\u00e1s compatibles con su tecnolog\u00eda o mejorar de otro modo su usabilidad; (ii) mantener la seguridad y protegerlos de otro modo; y (<\/p>\n","protected":false},"excerpt":{"rendered":"<p>En Sfera Legal nos preocupamos por tu privacidad. Por ello, hemos desarrollado esta breve pol\u00edtica que explica qu\u00e9 datos o informaci\u00f3n personal recopilamos, c\u00f3mo los recopilamos y c\u00f3mo los trataremos, as\u00ed como otras cuestiones importantes relacionadas con su privacidad y protecci\u00f3n de datos. Sfera Legal se compromete a cumplir con todas las leyes de privacidad [&hellip;]<\/p>\n","protected":false},"author":1,"featured_media":0,"parent":0,"menu_order":0,"comment_status":"closed","ping_status":"closed","template":"page-template-policy.php","meta":{"_acf_changed":false,"_monsterinsights_skip_tracking":false,"_monsterinsights_sitenote_active":false,"_monsterinsights_sitenote_note":"","_monsterinsights_sitenote_category":0,"footnotes":""},"class_list":["post-309","page","type-page","status-publish","hentry"],"acf":[],"yoast_head":"<!-- This site is optimized with the Yoast SEO plugin v27.0 - https:\/\/yoast.com\/product\/yoast-seo-wordpress\/ -->\n<title>Pol\u00edtica de Privacidad y Gesti\u00f3n de Datos Personales - Sfera Legal<\/title>\n<meta name=\"robots\" content=\"index, follow, max-snippet:-1, max-image-preview:large, max-video-preview:-1\" \/>\n<link rel=\"canonical\" href=\"https:\/\/sferalegal.tempurl.host\/es\/politica-de-privacidad-y-gestion-de-datos-personales\/\" \/>\n<meta property=\"og:locale\" content=\"es_ES\" \/>\n<meta property=\"og:type\" content=\"article\" \/>\n<meta property=\"og:title\" content=\"Pol\u00edtica de Privacidad y Gesti\u00f3n de Datos Personales - Sfera Legal\" \/>\n<meta property=\"og:description\" content=\"En Sfera Legal nos preocupamos por tu privacidad. Por ello, hemos desarrollado esta breve pol\u00edtica que explica qu\u00e9 datos o informaci\u00f3n personal recopilamos, c\u00f3mo los recopilamos y c\u00f3mo los trataremos, as\u00ed como otras cuestiones importantes relacionadas con su privacidad y protecci\u00f3n de datos. Sfera Legal se compromete a cumplir con todas las leyes de privacidad [&hellip;]\" \/>\n<meta property=\"og:url\" content=\"https:\/\/sferalegal.tempurl.host\/es\/politica-de-privacidad-y-gestion-de-datos-personales\/\" \/>\n<meta property=\"og:site_name\" content=\"Sfera Legal\" \/>\n<meta name=\"twitter:card\" content=\"summary_large_image\" \/>\n<meta name=\"twitter:label1\" content=\"Tiempo de lectura\" \/>\n\t<meta name=\"twitter:data1\" content=\"4 minutos\" \/>\n<script type=\"application\/ld+json\" class=\"yoast-schema-graph\">{\"@context\":\"https:\/\/schema.org\",\"@graph\":[{\"@type\":\"WebPage\",\"@id\":\"https:\/\/sferalegal.tempurl.host\/es\/politica-de-privacidad-y-gestion-de-datos-personales\/\",\"url\":\"https:\/\/sferalegal.tempurl.host\/es\/politica-de-privacidad-y-gestion-de-datos-personales\/\",\"name\":\"Pol\u00edtica de Privacidad y Gesti\u00f3n de Datos Personales - Sfera Legal\",\"isPartOf\":{\"@id\":\"https:\/\/sferalegal.staging.tempurl.host\/#website\"},\"datePublished\":\"2024-01-23T17:07:23+00:00\",\"breadcrumb\":{\"@id\":\"https:\/\/sferalegal.tempurl.host\/es\/politica-de-privacidad-y-gestion-de-datos-personales\/#breadcrumb\"},\"inLanguage\":\"es\",\"potentialAction\":[{\"@type\":\"ReadAction\",\"target\":[\"https:\/\/sferalegal.tempurl.host\/es\/politica-de-privacidad-y-gestion-de-datos-personales\/\"]}]},{\"@type\":\"BreadcrumbList\",\"@id\":\"https:\/\/sferalegal.tempurl.host\/es\/politica-de-privacidad-y-gestion-de-datos-personales\/#breadcrumb\",\"itemListElement\":[{\"@type\":\"ListItem\",\"position\":1,\"name\":\"Home\",\"item\":\"https:\/\/sferalegal.com\/es\/\"},{\"@type\":\"ListItem\",\"position\":2,\"name\":\"Pol\u00edtica de Privacidad y Gesti\u00f3n de Datos Personales\"}]},{\"@type\":\"WebSite\",\"@id\":\"https:\/\/sferalegal.staging.tempurl.host\/#website\",\"url\":\"https:\/\/sferalegal.staging.tempurl.host\/\",\"name\":\"Sfera Legal\",\"description\":\"Un despacho de abogados at\u00edpico.\",\"publisher\":{\"@id\":\"https:\/\/sferalegal.staging.tempurl.host\/#organization\"},\"potentialAction\":[{\"@type\":\"SearchAction\",\"target\":{\"@type\":\"EntryPoint\",\"urlTemplate\":\"https:\/\/sferalegal.staging.tempurl.host\/?s={search_term_string}\"},\"query-input\":{\"@type\":\"PropertyValueSpecification\",\"valueRequired\":true,\"valueName\":\"search_term_string\"}}],\"inLanguage\":\"es\"},{\"@type\":\"Organization\",\"@id\":\"https:\/\/sferalegal.staging.tempurl.host\/#organization\",\"name\":\"Sfera Legal\",\"url\":\"https:\/\/sferalegal.staging.tempurl.host\/\",\"logo\":{\"@type\":\"ImageObject\",\"inLanguage\":\"es\",\"@id\":\"https:\/\/sferalegal.staging.tempurl.host\/#\/schema\/logo\/image\/\",\"url\":\"https:\/\/sferalegal.com\/wp-content\/uploads\/2025\/02\/cropped-SL_faviconSfera-1.png\",\"contentUrl\":\"https:\/\/sferalegal.com\/wp-content\/uploads\/2025\/02\/cropped-SL_faviconSfera-1.png\",\"width\":32,\"height\":32,\"caption\":\"Sfera Legal\"},\"image\":{\"@id\":\"https:\/\/sferalegal.staging.tempurl.host\/#\/schema\/logo\/image\/\"}}]}<\/script>\n<!-- \/ Yoast SEO plugin. -->","yoast_head_json":{"title":"Pol\u00edtica de Privacidad y Gesti\u00f3n de Datos Personales - Sfera Legal","robots":{"index":"index","follow":"follow","max-snippet":"max-snippet:-1","max-image-preview":"max-image-preview:large","max-video-preview":"max-video-preview:-1"},"canonical":"https:\/\/sferalegal.tempurl.host\/es\/politica-de-privacidad-y-gestion-de-datos-personales\/","og_locale":"es_ES","og_type":"article","og_title":"Pol\u00edtica de Privacidad y Gesti\u00f3n de Datos Personales - Sfera Legal","og_description":"En Sfera Legal nos preocupamos por tu privacidad. Por ello, hemos desarrollado esta breve pol\u00edtica que explica qu\u00e9 datos o informaci\u00f3n personal recopilamos, c\u00f3mo los recopilamos y c\u00f3mo los trataremos, as\u00ed como otras cuestiones importantes relacionadas con su privacidad y protecci\u00f3n de datos. Sfera Legal se compromete a cumplir con todas las leyes de privacidad [&hellip;]","og_url":"https:\/\/sferalegal.tempurl.host\/es\/politica-de-privacidad-y-gestion-de-datos-personales\/","og_site_name":"Sfera Legal","twitter_card":"summary_large_image","twitter_misc":{"Tiempo de lectura":"4 minutos"},"schema":{"@context":"https:\/\/schema.org","@graph":[{"@type":"WebPage","@id":"https:\/\/sferalegal.tempurl.host\/es\/politica-de-privacidad-y-gestion-de-datos-personales\/","url":"https:\/\/sferalegal.tempurl.host\/es\/politica-de-privacidad-y-gestion-de-datos-personales\/","name":"Pol\u00edtica de Privacidad y Gesti\u00f3n de Datos Personales - Sfera Legal","isPartOf":{"@id":"https:\/\/sferalegal.staging.tempurl.host\/#website"},"datePublished":"2024-01-23T17:07:23+00:00","breadcrumb":{"@id":"https:\/\/sferalegal.tempurl.host\/es\/politica-de-privacidad-y-gestion-de-datos-personales\/#breadcrumb"},"inLanguage":"es","potentialAction":[{"@type":"ReadAction","target":["https:\/\/sferalegal.tempurl.host\/es\/politica-de-privacidad-y-gestion-de-datos-personales\/"]}]},{"@type":"BreadcrumbList","@id":"https:\/\/sferalegal.tempurl.host\/es\/politica-de-privacidad-y-gestion-de-datos-personales\/#breadcrumb","itemListElement":[{"@type":"ListItem","position":1,"name":"Home","item":"https:\/\/sferalegal.com\/es\/"},{"@type":"ListItem","position":2,"name":"Pol\u00edtica de Privacidad y Gesti\u00f3n de Datos Personales"}]},{"@type":"WebSite","@id":"https:\/\/sferalegal.staging.tempurl.host\/#website","url":"https:\/\/sferalegal.staging.tempurl.host\/","name":"Sfera Legal","description":"Un despacho de abogados at\u00edpico.","publisher":{"@id":"https:\/\/sferalegal.staging.tempurl.host\/#organization"},"potentialAction":[{"@type":"SearchAction","target":{"@type":"EntryPoint","urlTemplate":"https:\/\/sferalegal.staging.tempurl.host\/?s={search_term_string}"},"query-input":{"@type":"PropertyValueSpecification","valueRequired":true,"valueName":"search_term_string"}}],"inLanguage":"es"},{"@type":"Organization","@id":"https:\/\/sferalegal.staging.tempurl.host\/#organization","name":"Sfera Legal","url":"https:\/\/sferalegal.staging.tempurl.host\/","logo":{"@type":"ImageObject","inLanguage":"es","@id":"https:\/\/sferalegal.staging.tempurl.host\/#\/schema\/logo\/image\/","url":"https:\/\/sferalegal.com\/wp-content\/uploads\/2025\/02\/cropped-SL_faviconSfera-1.png","contentUrl":"https:\/\/sferalegal.com\/wp-content\/uploads\/2025\/02\/cropped-SL_faviconSfera-1.png","width":32,"height":32,"caption":"Sfera Legal"},"image":{"@id":"https:\/\/sferalegal.staging.tempurl.host\/#\/schema\/logo\/image\/"}}]}},"_links":{"self":[{"href":"https:\/\/sferalegal.com\/es\/wp-json\/wp\/v2\/pages\/309","targetHints":{"allow":["GET"]}}],"collection":[{"href":"https:\/\/sferalegal.com\/es\/wp-json\/wp\/v2\/pages"}],"about":[{"href":"https:\/\/sferalegal.com\/es\/wp-json\/wp\/v2\/types\/page"}],"author":[{"embeddable":true,"href":"https:\/\/sferalegal.com\/es\/wp-json\/wp\/v2\/users\/1"}],"replies":[{"embeddable":true,"href":"https:\/\/sferalegal.com\/es\/wp-json\/wp\/v2\/comments?post=309"}],"version-history":[{"count":0,"href":"https:\/\/sferalegal.com\/es\/wp-json\/wp\/v2\/pages\/309\/revisions"}],"wp:attachment":[{"href":"https:\/\/sferalegal.com\/es\/wp-json\/wp\/v2\/media?parent=309"}],"curies":[{"name":"wp","href":"https:\/\/api.w.org\/{rel}","templated":true}]}}